{"id":2,"date":"2010-11-04T19:58:27","date_gmt":"2010-11-04T19:58:27","guid":{"rendered":"http:\/\/blog.bp8.pl\/?page_id=2"},"modified":"2010-11-22T19:05:55","modified_gmt":"2010-11-22T19:05:55","slug":"about","status":"publish","type":"page","link":"https:\/\/blog.bp8.pl\/index.php\/about\/","title":{"rendered":"Po co ten blog?!?"},"content":{"rendered":"<p>Poco komu ten blog, ano po nic \ud83d\ude09 ten blog jest tylko i wy\u0142\u0105cznie moj\u0105 pomoc\u0105, gdy stwierdzi\u0142em \u017ce co jaki\u015b czas powracam do tych samych problem\u00f3w, czy to z serwerami na windozie, linuksie czy na zwyk\u0142ym desktopie. Wi\u0119c mam zamiar cobie pisa\u0107 co z czego sie bierze by za rok nie walczy\u0107 z tym samym problemem.<\/p>\n<p>pozdr.<\/p>\n<p>bartek<\/p>\n","protected":false},"excerpt":{"rendered":"<p>Poco komu ten blog, ano po nic \ud83d\ude09 ten blog jest tylko i wy\u0142\u0105cznie moj\u0105 pomoc\u0105, gdy stwierdzi\u0142em \u017ce co jaki\u015b czas powracam do tych samych problem\u00f3w, czy to z serwerami na windozie, linuksie czy na zwyk\u0142ym desktopie. Wi\u0119c mam zamiar cobie pisa\u0107 co z czego sie bierze by za rok nie walczy\u0107 z tym [&hellip;]<\/p>\n","protected":false},"author":1,"featured_media":0,"parent":0,"menu_order":0,"comment_status":"open","ping_status":"open","template":"","meta":[],"_links":{"self":[{"href":"https:\/\/blog.bp8.pl\/index.php\/wp-json\/wp\/v2\/pages\/2"}],"collection":[{"href":"https:\/\/blog.bp8.pl\/index.php\/wp-json\/wp\/v2\/pages"}],"about":[{"href":"https:\/\/blog.bp8.pl\/index.php\/wp-json\/wp\/v2\/types\/page"}],"author":[{"embeddable":true,"href":"https:\/\/blog.bp8.pl\/index.php\/wp-json\/wp\/v2\/users\/1"}],"replies":[{"embeddable":true,"href":"https:\/\/blog.bp8.pl\/index.php\/wp-json\/wp\/v2\/comments?post=2"}],"version-history":[{"count":2,"href":"https:\/\/blog.bp8.pl\/index.php\/wp-json\/wp\/v2\/pages\/2\/revisions"}],"predecessor-version":[{"id":18,"href":"https:\/\/blog.bp8.pl\/index.php\/wp-json\/wp\/v2\/pages\/2\/revisions\/18"}],"wp:attachment":[{"href":"https:\/\/blog.bp8.pl\/index.php\/wp-json\/wp\/v2\/media?parent=2"}],"curies":[{"name":"wp","href":"https:\/\/api.w.org\/{rel}","templated":true}]}}